{"id":106,"date":"2021-02-23T12:12:45","date_gmt":"2021-02-23T12:12:45","guid":{"rendered":"https:\/\/salaojaveikko.fi\/?page_id=106"},"modified":"2026-01-29T17:49:56","modified_gmt":"2026-01-29T17:49:56","slug":"referenssit-2","status":"publish","type":"page","link":"https:\/\/salaojaveikko.fi\/index.php\/referenssit-2\/","title":{"rendered":"Referenssit"},"content":{"rendered":"<p>T\u00e4st\u00e4 osiosta l\u00f6yd\u00e4t referenssit, eli ty\u00f6suorituksia uran ja matkan varrelta. Ty\u00f6suoritukset ovat p\u00e4\u00e4s\u00e4\u00e4nt\u00f6isesti salaojasuunnittelu ja salaojapaalutus. K\u00e4y katsomassa, alueesi <a href=\"https:\/\/www.salaojayhdistys.fi\/fi\/urakointi\/\" target=\"_blank\" rel=\"noopener\">salaojaurakoitsijat<\/a>.<\/p>\n<h2>Referenssit<\/h2>\n<blockquote><p>&nbsp;<\/p><\/blockquote>\n<div class=\"kortit\">\n\n<h3><\/h3>\n<ul>\n<li><strong>Salaojasuunnittelu 2021-2025=4240 ha<\/strong><\/li>\n<\/ul>\n<\/div>\n<div class=\"kortit\">\n<p><img loading=\"lazy\" decoding=\"async\" class=\"alignnone size-medium wp-image-28\" title=\"Referenssit\" src=\"https:\/\/salaojaveikko.fi\/wp-content\/uploads\/2021\/02\/cropped-SalaojaVeikko_Logo-300x300.png\" alt=\"Referenssit\" width=\"300\" height=\"300\" srcset=\"https:\/\/salaojaveikko.fi\/wp-content\/uploads\/2021\/02\/cropped-SalaojaVeikko_Logo-300x300.png 300w, https:\/\/salaojaveikko.fi\/wp-content\/uploads\/2021\/02\/cropped-SalaojaVeikko_Logo-150x150.png 150w, https:\/\/salaojaveikko.fi\/wp-content\/uploads\/2021\/02\/cropped-SalaojaVeikko_Logo-270x270.png 270w, https:\/\/salaojaveikko.fi\/wp-content\/uploads\/2021\/02\/cropped-SalaojaVeikko_Logo-192x192.png 192w, https:\/\/salaojaveikko.fi\/wp-content\/uploads\/2021\/02\/cropped-SalaojaVeikko_Logo-180x180.png 180w, https:\/\/salaojaveikko.fi\/wp-content\/uploads\/2021\/02\/cropped-SalaojaVeikko_Logo-32x32.png 32w, https:\/\/salaojaveikko.fi\/wp-content\/uploads\/2021\/02\/cropped-SalaojaVeikko_Logo.png 512w\" sizes=\"auto, (max-width: 300px) 100vw, 300px\" \/><\/p>\n<h3><\/h3>\n<ul>\n<li><strong>Salaojapaalutus 2021-2025= 3560 ha<\/strong><\/li>\n<\/ul>\n<\/div>\n<div class=\"kortit\">\n<p><img loading=\"lazy\" decoding=\"async\" class=\"alignnone size-medium wp-image-28\" title=\"Referenssit\" src=\"https:\/\/salaojaveikko.fi\/wp-content\/uploads\/2021\/02\/cropped-SalaojaVeikko_Logo-300x300.png\" alt=\"Referenssit\" width=\"300\" height=\"300\" srcset=\"https:\/\/salaojaveikko.fi\/wp-content\/uploads\/2021\/02\/cropped-SalaojaVeikko_Logo-300x300.png 300w, https:\/\/salaojaveikko.fi\/wp-content\/uploads\/2021\/02\/cropped-SalaojaVeikko_Logo-150x150.png 150w, https:\/\/salaojaveikko.fi\/wp-content\/uploads\/2021\/02\/cropped-SalaojaVeikko_Logo-270x270.png 270w, https:\/\/salaojaveikko.fi\/wp-content\/uploads\/2021\/02\/cropped-SalaojaVeikko_Logo-192x192.png 192w, https:\/\/salaojaveikko.fi\/wp-content\/uploads\/2021\/02\/cropped-SalaojaVeikko_Logo-180x180.png 180w, https:\/\/salaojaveikko.fi\/wp-content\/uploads\/2021\/02\/cropped-SalaojaVeikko_Logo-32x32.png 32w, https:\/\/salaojaveikko.fi\/wp-content\/uploads\/2021\/02\/cropped-SalaojaVeikko_Logo.png 512w\" sizes=\"auto, (max-width: 300px) 100vw, 300px\" \/><\/p>\n<h3><\/h3>\n<ul>\n<li><\/li>\n<\/ul>\n<\/div>\n","protected":false},"excerpt":{"rendered":"<p>T\u00e4st\u00e4 osiosta l\u00f6yd\u00e4t referenssit, eli ty\u00f6suorituksia uran ja matkan varrelta. Ty\u00f6suoritukset ovat p\u00e4\u00e4s\u00e4\u00e4nt\u00f6isesti salaojasuunnittelu ja salaojapaalutus. K\u00e4y katsomassa, alueesi salaojaurakoitsijat. Referenssit &nbsp; Salaojasuunnittelu 2021-2025=4240 ha Salaojapaalutus 2021-2025= 3560 ha<\/p>\n","protected":false},"author":1,"featured_media":0,"parent":0,"menu_order":0,"comment_status":"closed","ping_status":"closed","template":"","meta":{"footnotes":""},"class_list":["post-106","page","type-page","status-publish","hentry"],"yoast_head":"<!-- This site is optimized with the Yoast SEO plugin v27.4 - https:\/\/yoast.com\/product\/yoast-seo-wordpress\/ -->\n<title>Referenssit - salaojasuunnitelmat ja suunnitelmien toteuttamisen valvonta.<\/title>\n<meta name=\"description\" content=\"Referenssit, p\u00e4\u00e4s\u00e4\u00e4nt\u00f6isesti salaojasuunnitelmat ja suunnitelmien toteuttamisen valvonta. K\u00e4ytet\u00e4\u00e4n l\u00e4hialueen salaojaurakoitsijoita.\" \/>\n<meta name=\"robots\" content=\"index, follow, max-snippet:-1, max-image-preview:large, max-video-preview:-1\" \/>\n<link rel=\"canonical\" href=\"https:\/\/salaojaveikko.fi\/index.php\/referenssit-2\/\" \/>\n<meta property=\"og:locale\" content=\"fi_FI\" \/>\n<meta property=\"og:type\" content=\"article\" \/>\n<meta property=\"og:title\" content=\"Referenssit - salaojasuunnitelmat ja suunnitelmien toteuttamisen valvonta.\" \/>\n<meta property=\"og:description\" content=\"Referenssit, p\u00e4\u00e4s\u00e4\u00e4nt\u00f6isesti salaojasuunnitelmat ja suunnitelmien toteuttamisen valvonta. K\u00e4ytet\u00e4\u00e4n l\u00e4hialueen salaojaurakoitsijoita.\" \/>\n<meta property=\"og:url\" content=\"https:\/\/salaojaveikko.fi\/index.php\/referenssit-2\/\" \/>\n<meta property=\"article:modified_time\" content=\"2026-01-29T17:49:56+00:00\" \/>\n<meta property=\"og:image\" content=\"https:\/\/salaojaveikko.fi\/wp-content\/uploads\/2021\/02\/cropped-SalaojaVeikko_Logo-300x300.png\" \/>\n<meta name=\"twitter:card\" content=\"summary_large_image\" \/>\n<meta name=\"twitter:label1\" content=\"Arvioitu lukuaika\" \/>\n\t<meta name=\"twitter:data1\" content=\"1 minuutti\" \/>\n<script type=\"application\/ld+json\" class=\"yoast-schema-graph\">{\"@context\":\"https:\\\/\\\/schema.org\",\"@graph\":[{\"@type\":\"WebPage\",\"@id\":\"https:\\\/\\\/salaojaveikko.fi\\\/index.php\\\/referenssit-2\\\/\",\"url\":\"https:\\\/\\\/salaojaveikko.fi\\\/index.php\\\/referenssit-2\\\/\",\"name\":\"Referenssit - salaojasuunnitelmat ja suunnitelmien toteuttamisen valvonta.\",\"isPartOf\":{\"@id\":\"https:\\\/\\\/salaojaveikko.fi\\\/#website\"},\"primaryImageOfPage\":{\"@id\":\"https:\\\/\\\/salaojaveikko.fi\\\/index.php\\\/referenssit-2\\\/#primaryimage\"},\"image\":{\"@id\":\"https:\\\/\\\/salaojaveikko.fi\\\/index.php\\\/referenssit-2\\\/#primaryimage\"},\"thumbnailUrl\":\"https:\\\/\\\/salaojaveikko.fi\\\/wp-content\\\/uploads\\\/2021\\\/02\\\/cropped-SalaojaVeikko_Logo-300x300.png\",\"datePublished\":\"2021-02-23T12:12:45+00:00\",\"dateModified\":\"2026-01-29T17:49:56+00:00\",\"description\":\"Referenssit, p\u00e4\u00e4s\u00e4\u00e4nt\u00f6isesti salaojasuunnitelmat ja suunnitelmien toteuttamisen valvonta. K\u00e4ytet\u00e4\u00e4n l\u00e4hialueen salaojaurakoitsijoita.\",\"breadcrumb\":{\"@id\":\"https:\\\/\\\/salaojaveikko.fi\\\/index.php\\\/referenssit-2\\\/#breadcrumb\"},\"inLanguage\":\"fi\",\"potentialAction\":[{\"@type\":\"ReadAction\",\"target\":[\"https:\\\/\\\/salaojaveikko.fi\\\/index.php\\\/referenssit-2\\\/\"]}]},{\"@type\":\"ImageObject\",\"inLanguage\":\"fi\",\"@id\":\"https:\\\/\\\/salaojaveikko.fi\\\/index.php\\\/referenssit-2\\\/#primaryimage\",\"url\":\"https:\\\/\\\/salaojaveikko.fi\\\/wp-content\\\/uploads\\\/2021\\\/02\\\/cropped-SalaojaVeikko_Logo.png\",\"contentUrl\":\"https:\\\/\\\/salaojaveikko.fi\\\/wp-content\\\/uploads\\\/2021\\\/02\\\/cropped-SalaojaVeikko_Logo.png\",\"width\":512,\"height\":512},{\"@type\":\"BreadcrumbList\",\"@id\":\"https:\\\/\\\/salaojaveikko.fi\\\/index.php\\\/referenssit-2\\\/#breadcrumb\",\"itemListElement\":[{\"@type\":\"ListItem\",\"position\":1,\"name\":\"Etusivu\",\"item\":\"https:\\\/\\\/salaojaveikko.fi\\\/\"},{\"@type\":\"ListItem\",\"position\":2,\"name\":\"Referenssit\"}]},{\"@type\":\"WebSite\",\"@id\":\"https:\\\/\\\/salaojaveikko.fi\\\/#website\",\"url\":\"https:\\\/\\\/salaojaveikko.fi\\\/\",\"name\":\"\",\"description\":\"\",\"potentialAction\":[{\"@type\":\"SearchAction\",\"target\":{\"@type\":\"EntryPoint\",\"urlTemplate\":\"https:\\\/\\\/salaojaveikko.fi\\\/?s={search_term_string}\"},\"query-input\":{\"@type\":\"PropertyValueSpecification\",\"valueRequired\":true,\"valueName\":\"search_term_string\"}}],\"inLanguage\":\"fi\"}]}<\/script>\n<!-- \/ Yoast SEO plugin. -->","yoast_head_json":{"title":"Referenssit - salaojasuunnitelmat ja suunnitelmien toteuttamisen valvonta.","description":"Referenssit, p\u00e4\u00e4s\u00e4\u00e4nt\u00f6isesti salaojasuunnitelmat ja suunnitelmien toteuttamisen valvonta. K\u00e4ytet\u00e4\u00e4n l\u00e4hialueen salaojaurakoitsijoita.","robots":{"index":"index","follow":"follow","max-snippet":"max-snippet:-1","max-image-preview":"max-image-preview:large","max-video-preview":"max-video-preview:-1"},"canonical":"https:\/\/salaojaveikko.fi\/index.php\/referenssit-2\/","og_locale":"fi_FI","og_type":"article","og_title":"Referenssit - salaojasuunnitelmat ja suunnitelmien toteuttamisen valvonta.","og_description":"Referenssit, p\u00e4\u00e4s\u00e4\u00e4nt\u00f6isesti salaojasuunnitelmat ja suunnitelmien toteuttamisen valvonta. K\u00e4ytet\u00e4\u00e4n l\u00e4hialueen salaojaurakoitsijoita.","og_url":"https:\/\/salaojaveikko.fi\/index.php\/referenssit-2\/","article_modified_time":"2026-01-29T17:49:56+00:00","og_image":[{"url":"https:\/\/salaojaveikko.fi\/wp-content\/uploads\/2021\/02\/cropped-SalaojaVeikko_Logo-300x300.png","type":"","width":"","height":""}],"twitter_card":"summary_large_image","twitter_misc":{"Arvioitu lukuaika":"1 minuutti"},"schema":{"@context":"https:\/\/schema.org","@graph":[{"@type":"WebPage","@id":"https:\/\/salaojaveikko.fi\/index.php\/referenssit-2\/","url":"https:\/\/salaojaveikko.fi\/index.php\/referenssit-2\/","name":"Referenssit - salaojasuunnitelmat ja suunnitelmien toteuttamisen valvonta.","isPartOf":{"@id":"https:\/\/salaojaveikko.fi\/#website"},"primaryImageOfPage":{"@id":"https:\/\/salaojaveikko.fi\/index.php\/referenssit-2\/#primaryimage"},"image":{"@id":"https:\/\/salaojaveikko.fi\/index.php\/referenssit-2\/#primaryimage"},"thumbnailUrl":"https:\/\/salaojaveikko.fi\/wp-content\/uploads\/2021\/02\/cropped-SalaojaVeikko_Logo-300x300.png","datePublished":"2021-02-23T12:12:45+00:00","dateModified":"2026-01-29T17:49:56+00:00","description":"Referenssit, p\u00e4\u00e4s\u00e4\u00e4nt\u00f6isesti salaojasuunnitelmat ja suunnitelmien toteuttamisen valvonta. K\u00e4ytet\u00e4\u00e4n l\u00e4hialueen salaojaurakoitsijoita.","breadcrumb":{"@id":"https:\/\/salaojaveikko.fi\/index.php\/referenssit-2\/#breadcrumb"},"inLanguage":"fi","potentialAction":[{"@type":"ReadAction","target":["https:\/\/salaojaveikko.fi\/index.php\/referenssit-2\/"]}]},{"@type":"ImageObject","inLanguage":"fi","@id":"https:\/\/salaojaveikko.fi\/index.php\/referenssit-2\/#primaryimage","url":"https:\/\/salaojaveikko.fi\/wp-content\/uploads\/2021\/02\/cropped-SalaojaVeikko_Logo.png","contentUrl":"https:\/\/salaojaveikko.fi\/wp-content\/uploads\/2021\/02\/cropped-SalaojaVeikko_Logo.png","width":512,"height":512},{"@type":"BreadcrumbList","@id":"https:\/\/salaojaveikko.fi\/index.php\/referenssit-2\/#breadcrumb","itemListElement":[{"@type":"ListItem","position":1,"name":"Etusivu","item":"https:\/\/salaojaveikko.fi\/"},{"@type":"ListItem","position":2,"name":"Referenssit"}]},{"@type":"WebSite","@id":"https:\/\/salaojaveikko.fi\/#website","url":"https:\/\/salaojaveikko.fi\/","name":"","description":"","potentialAction":[{"@type":"SearchAction","target":{"@type":"EntryPoint","urlTemplate":"https:\/\/salaojaveikko.fi\/?s={search_term_string}"},"query-input":{"@type":"PropertyValueSpecification","valueRequired":true,"valueName":"search_term_string"}}],"inLanguage":"fi"}]}},"_links":{"self":[{"href":"https:\/\/salaojaveikko.fi\/index.php\/wp-json\/wp\/v2\/pages\/106","targetHints":{"allow":["GET"]}}],"collection":[{"href":"https:\/\/salaojaveikko.fi\/index.php\/wp-json\/wp\/v2\/pages"}],"about":[{"href":"https:\/\/salaojaveikko.fi\/index.php\/wp-json\/wp\/v2\/types\/page"}],"author":[{"embeddable":true,"href":"https:\/\/salaojaveikko.fi\/index.php\/wp-json\/wp\/v2\/users\/1"}],"replies":[{"embeddable":true,"href":"https:\/\/salaojaveikko.fi\/index.php\/wp-json\/wp\/v2\/comments?post=106"}],"version-history":[{"count":38,"href":"https:\/\/salaojaveikko.fi\/index.php\/wp-json\/wp\/v2\/pages\/106\/revisions"}],"predecessor-version":[{"id":1008,"href":"https:\/\/salaojaveikko.fi\/index.php\/wp-json\/wp\/v2\/pages\/106\/revisions\/1008"}],"wp:attachment":[{"href":"https:\/\/salaojaveikko.fi\/index.php\/wp-json\/wp\/v2\/media?parent=106"}],"curies":[{"name":"wp","href":"https:\/\/api.w.org\/{rel}","templated":true}]}}