{"id":3,"date":"2021-02-13T21:03:37","date_gmt":"2021-02-13T21:03:37","guid":{"rendered":"https:\/\/salaojaveikko.fi\/?page_id=3"},"modified":"2021-02-26T08:58:44","modified_gmt":"2021-02-26T08:58:44","slug":"privacy-policy","status":"publish","type":"page","link":"https:\/\/salaojaveikko.fi\/index.php\/privacy-policy\/","title":{"rendered":"Tietosuojalauseke"},"content":{"rendered":"\r\n<h2 class=\"wp-block-heading\">SalaojaVeikko Oy:n tietosuojak\u00e4yt\u00e4nt\u00f6<\/h2>\r\n<p><strong>SalaojaVeikko Oy k\u00e4yt\u00e4nt\u00f6:<\/strong> Osakeyhti\u00f6, SalaojaVeikko Oy, <strong>Veikko Karioja<\/strong>.<\/p>\r\n<p><strong>Verkkosivustomme osoite on:<\/strong> https:\/\/www.salaojaveikko.fi.<\/p>\r\n<hr \/>\r\n<h2>Mit\u00e4 henkil\u00f6tietoa ker\u00e4\u00e4mme ja miksi<\/h2>\r\n<h3>Kommentit<\/h3>\r\n<p>Kun sivuston k\u00e4ytt\u00e4j\u00e4t j\u00e4tt\u00e4v\u00e4t kommentteja sivustolle, ker\u00e4\u00e4mme kommenttilomakkeessa olevat tiedot, sek\u00e4 k\u00e4ytt\u00e4j\u00e4n IP-osoitteen ja selaimen versiotiedot roskaviestien tunnistamisen helpottamiseksi.<\/p>\r\n<p>Kun vierailijat j\u00e4tt\u00e4v\u00e4t kommentin t\u00e4lle sivustolle ker\u00e4\u00e4mme tiedon, joka on n\u00e4kyviss\u00e4 kommentointikentiss\u00e4, IP-osoitteen sek\u00e4 selaimen versioon liittyv\u00e4t tiedot. S\u00e4hk\u00f6postiosoitteesta luotu anonymisoitu hajautustieto (hash) voidaan l\u00e4hett\u00e4\u00e4 Gravatar-palveluun, jotta tiedet\u00e4\u00e4n onko kommentoija palvelun k\u00e4ytt\u00e4j\u00e4. Gravatar-palvelun tietosuojaseloste l\u00f6ytyy osoitteesta https:\/\/automattic.com\/privacy\/.<\/p>\r\n<p><strong>SalaojaVeikko Oy k\u00e4yt\u00e4nt\u00f6:<\/strong>\u00a0Sivustoillamme ei ole tarkoituksenmukaista kommentointi mahdollisuutta. Jos kommentointeja ilmenee sivustollamme, niit\u00e4 ei avata ja ne poistetaan manuaalisesti verkkosivun yll\u00e4pit\u00e4j\u00e4n toimesta.<\/p>\r\n<h3>Media<\/h3>\r\n<p>Mik\u00e4li lataat kuvia t\u00e4lle sivustolle, sinun tulee v\u00e4ltt\u00e4\u00e4 sellaisten kuvien lataamista, joissa on tallennettu paikkatieto (EXIF GPS). Sivuston vierailijat voivat ladata ja katsoa paikkatietoa kuvista, joita sivustolla on.<\/p>\r\n<p><strong>SalaojaVeikko Oy k\u00e4yt\u00e4nt\u00f6:<\/strong> Sivustoillamme ei ole rekister\u00f6inti ja kuvanlataus mahdollisuutta ulkopuolisille. K\u00e4yt\u00e4mme sivustoillamme vain omia tai vapaasti ladattavia kuvia.<\/p>\r\n<h3>Yhteydenottolomakkeet<\/h3>\r\n<h3>Ev\u00e4steet<\/h3>\r\n<p>Jos j\u00e4t\u00e4t kommentin sivustolle, voit valita nimen, s\u00e4hk\u00f6postiosoitteen ja url-osoitteen tallennuksen ev\u00e4steeseen. T\u00e4m\u00e4 toiminto lis\u00e4\u00e4 k\u00e4ytt\u00f6mukavuutta, koska lomaketta ei tarvitse t\u00e4ytt\u00e4\u00e4 jokaisella kerralla uudelleen kommenttia lis\u00e4tess\u00e4. Ev\u00e4stetieto poistetaan selaimesta vuoden kuluttua.<\/p>\r\n<p>Mik\u00e4li sinulla on tili ja kirjaudut sivustolle, asetamme v\u00e4liaikaisen ev\u00e4steen, joka p\u00e4\u00e4ttelee tukeeko selaimesi ev\u00e4steit\u00e4 vai ei. T\u00e4m\u00e4 ev\u00e4ste ei sis\u00e4ll\u00e4 henkil\u00f6tietoa ja se poistetaan kun selainikkuna suljetaan.<\/p>\r\n<p>Kun kirjaudut sis\u00e4\u00e4n asetamme useita ev\u00e4steit\u00e4, jotka tallentavat kirjautumis- sek\u00e4 n\u00e4ytt\u00f6asetuksesi. Kirjautumisev\u00e4steet poistetaan kahden vuorokauden kuluessa, n\u00e4ytt\u00f6asetuksiin liittyv\u00e4t ev\u00e4steet poistuvat vuoden p\u00e4\u00e4st\u00e4. Mik\u00e4li valitset \u201cMuista minut\u201d kirjautumisen yhteydess\u00e4, kirjautumistietojasi s\u00e4ilytet\u00e4\u00e4n kahden viikon ajan. Mik\u00e4li kirjaudut ulos, kirjautumiseen liittyv\u00e4t ev\u00e4steet poistetaan samassa yhteydess\u00e4.<\/p>\r\n<p>Mik\u00e4li julkaiset artikkelin tai muokkaat olemassa olevaa tallennamme selaimeen ev\u00e4steen, joka sis\u00e4lt\u00e4\u00e4 muokattavan artikkelin ID:n. Ev\u00e4ste vanhenee yhdess\u00e4 vuorokaudessa.<\/p>\r\n<p><strong>SalaojaVeikko Oy k\u00e4yt\u00e4nt\u00f6:<\/strong> Sivustoilta saatavia lomaketietoja emme tallenna verkkosivuston palvelimelle, vaan tiedot s\u00e4ilyt\u00e4mme yleisen k\u00e4yt\u00e4nn\u00f6n mukaisesti erillisiss\u00e4 s\u00e4hk\u00f6posteissamme ja omissa paperisissa rekisteritiedoissamme. Lomakkeesta tulevaa tietoa k\u00e4ytet\u00e4\u00e4n ainoastaan yrityksen toiminnan edist\u00e4miseen.<\/p>\r\n<h3>Muilta sivustoilta upotettu sis\u00e4lt\u00f6<\/h3>\r\n<p>T\u00e4m\u00e4n sivuston artikkelit voivat sis\u00e4lt\u00e4\u00e4 upotettua sis\u00e4lt\u00f6\u00e4 (esimerkiksi videoita, kuvia, artikkeleita jne.). Toisilta sivustoilta tuodun upotetun sis\u00e4ll\u00f6n avaaminen on verrattavissa siihen, ett\u00e4 vierailija itse k\u00e4visi kolmannen osapuolen sivustolla.<\/p>\r\n<p>N\u00e4m\u00e4 sivustot voivat ker\u00e4t\u00e4 tietoa sinusta, k\u00e4ytt\u00e4\u00e4 ev\u00e4steit\u00e4, upottaa kolmannen osapuolen seurantaev\u00e4steit\u00e4 ja monitoroida vuorovaikutustasi upotetun sis\u00e4ll\u00f6n kanssa, mukaan lukien vuorovaikutuksen seuranta jos ja kun olet kirjautunut k\u00e4ytt\u00e4j\u00e4n\u00e4 sivustolle.<\/p>\r\n<hr \/>\r\n<h2>Analytiikka<\/h2>\r\n<h3>Kenelle jaamme tietosi ja kuinka kauan s\u00e4ilyt\u00e4mme tietoa<\/h3>\r\n<p>Mik\u00e4li j\u00e4t\u00e4t kommentin, kommenttia ja sen metatietoa s\u00e4ilytet\u00e4\u00e4n toistaiseksi. T\u00e4m\u00e4 tehd\u00e4\u00e4n siksi, ett\u00e4 voimme tunnistaa ja hyv\u00e4ksy\u00e4 seuraavat kommentit automaattisesti sen sijaan, ett\u00e4 s\u00e4ilytt\u00e4isimme ne moderointijonossa.<\/p>\r\n<p>Tallennamme rekister\u00f6ityneiden k\u00e4ytt\u00e4jien (jos sellaisia on) k\u00e4ytt\u00e4j\u00e4profiilien tiedot. Kaikilla k\u00e4ytt\u00e4jill\u00e4 on mahdollisuus n\u00e4hd\u00e4, muokata ja poistaa omia henkil\u00f6tietojaan milloin vain. Ainoastaan k\u00e4ytt\u00e4j\u00e4nime\u00e4 ei voi muuttaa. Verkkosivuston yll\u00e4pit\u00e4j\u00e4t voivat n\u00e4hd\u00e4 ja muokata k\u00e4ytt\u00e4j\u00e4profiilien tietoja.<\/p>\r\n<p><strong>SalaojaVeikko Oy k\u00e4yt\u00e4nt\u00f6:<\/strong>\u00a0Sivustoillamme on ainoastaan yll\u00e4pidollinen rekister\u00f6intioikeus, jonka sivuston yll\u00e4pit\u00e4j\u00e4 voi oikeuttaa ja hyv\u00e4ksy\u00e4.<\/p>\r\n<hr \/>\r\n<h2>Mit\u00e4 oikeuksia sinulla on omaan tietoosi<\/h2>\r\n<p>Mik\u00e4li sinulla on k\u00e4ytt\u00e4j\u00e4tili t\u00e4lle sivustolle tai olet j\u00e4tt\u00e4nyt kommentteja, voit pyyt\u00e4\u00e4 koostetiedostoa omista henkil\u00f6tiedoistasi, sis\u00e4lt\u00e4en kaiken henkil\u00f6tiedon, jonka olet meille antanut. Voit my\u00f6s pyyt\u00e4\u00e4 henkil\u00f6tietojesi poistoa. Oikeus omien tietojen poistoon ei koske sellaista henkil\u00f6tietoa, joka meid\u00e4n on s\u00e4ilytett\u00e4v\u00e4 yll\u00e4pidollisista, juridisista tai tietoturvaan liittyvist\u00e4 syist\u00e4.<\/p>\r\n<hr \/>\r\n<h2>Minne l\u00e4het\u00e4mme tietosi<\/h2>\r\n<p>Vierailijoiden kommentteja saatetaan tarkistaa automatisoidun roskapostiestopalvelun kautta.<\/p>\r\n<hr \/>\r\n<h2>Yrityksen ker\u00e4\u00e4m\u00e4t asiakasrekisteritiedot<\/h2>\r\n<h3><strong>SalaojaVeikko OY asiakasrekisterik\u00e4yt\u00e4nn\u00f6t<\/strong><\/h3>\r\n<p>SalaojaVeikko OY:n asiakasrekisteri sis\u00e4lt\u00e4\u00e4 p\u00e4\u00e4asiassa seuraavia tietoja:<\/p>\r\n<ul>\r\n<li>Etu- ja sukunimet<\/li>\r\n<li>Osoitetiedot<\/li>\r\n<li>Puhelinnumero<\/li>\r\n<li>S\u00e4hk\u00f6postiosoite<\/li>\r\n<li>Asiakkaan tilaamat palvelut<\/li>\r\n<li>Tietojen luovutustiedot ja suostumukset<\/li>\r\n<\/ul>\r\n<p>Asiakkaaseen liittyv\u00e4t tiedot ker\u00e4t\u00e4\u00e4n asiakkaalta toimeksiantojen yhteydess\u00e4. \u00a0Asiakastietoja k\u00e4sittelee toimitusjohtaja ja asiakastietoja ei luovuteta eteenp\u00e4in ilman asiakkaan lupaa. Asiakastietoja k\u00e4ytet\u00e4\u00e4n toimeksiantojen (suunnitelmien) laatimisessa ja laskutuksessa.<\/p>\r\n<p>Asiakastiedot tallennetaan s\u00e4hk\u00f6isess\u00e4 muodossa ja ne suojataan alan yleisten standardien mukaisesti. Henkil\u00f6tietoja s\u00e4ilytet\u00e4\u00e4n niin kauan kuin asiakassuhde on voimassa. Asiakas voi halutessaan my\u00f6s pyyt\u00e4\u00e4 tietojen poistamisen rekisterist\u00e4.<\/p>\r\n<p>Asiakkaalla on oikeus pyyt\u00e4\u00e4 selvitys, mit\u00e4 h\u00e4nt\u00e4 koskevia tietoja on asiakasrekisteriin tallennettu. \u00a0Tarkastuspyynt\u00f6 tehd\u00e4\u00e4n toimittamalla allekirjoitettu tarkastuspyynt\u00f6 osoitteeseen: SalaojaVeikko OY, Sahrakuja 5, 91800 TYRN\u00c4V\u00c4.<\/p>\r\n<h2>Yhteystiedot<\/h2>\r\n<h3>SalaojaVeikko Oy<\/h3>\r\n<p><strong>Y-Tunnus:<\/strong> 3174556-6<\/p>\r\n<p><strong>Osoite:<\/strong> Sahrakuja 5, 91800 Tyrn\u00e4v\u00e4<\/p>\r\n<p>Veikko Karioja<\/p>\r\n<p><strong>S\u00e4hk\u00f6posti:<\/strong> veikko.karioja(a)salaojaveikko.fi<br \/><strong>Puhelin:<\/strong> 0400 790066<\/p>\r\n","protected":false},"excerpt":{"rendered":"<p>SalaojaVeikko Oy:n tietosuojak\u00e4yt\u00e4nt\u00f6 SalaojaVeikko Oy k\u00e4yt\u00e4nt\u00f6: Osakeyhti\u00f6, SalaojaVeikko Oy, Veikko Karioja. Verkkosivustomme osoite on: https:\/\/www.salaojaveikko.fi. Mit\u00e4 henkil\u00f6tietoa ker\u00e4\u00e4mme ja miksi Kommentit Kun sivuston k\u00e4ytt\u00e4j\u00e4t j\u00e4tt\u00e4v\u00e4t kommentteja sivustolle, ker\u00e4\u00e4mme kommenttilomakkeessa olevat tiedot, sek\u00e4 k\u00e4ytt\u00e4j\u00e4n IP-osoitteen ja selaimen versiotiedot roskaviestien tunnistamisen helpottamiseksi. Kun vierailijat j\u00e4tt\u00e4v\u00e4t kommentin t\u00e4lle sivustolle ker\u00e4\u00e4mme tiedon, joka on n\u00e4kyviss\u00e4 kommentointikentiss\u00e4, IP-osoitteen sek\u00e4 selaimen [&hellip;]<\/p>\n","protected":false},"author":1,"featured_media":0,"parent":0,"menu_order":0,"comment_status":"closed","ping_status":"open","template":"","meta":{"footnotes":""},"class_list":["post-3","page","type-page","status-publish","hentry"],"yoast_head":"<!-- This site is optimized with the Yoast SEO plugin v27.4 - https:\/\/yoast.com\/product\/yoast-seo-wordpress\/ -->\n<title>Tietosuojalauseke -<\/title>\n<meta name=\"robots\" content=\"index, follow, max-snippet:-1, max-image-preview:large, max-video-preview:-1\" \/>\n<link rel=\"canonical\" href=\"https:\/\/salaojaveikko.fi\/index.php\/privacy-policy\/\" \/>\n<meta property=\"og:locale\" content=\"fi_FI\" \/>\n<meta property=\"og:type\" content=\"article\" \/>\n<meta property=\"og:title\" content=\"Tietosuojalauseke -\" \/>\n<meta property=\"og:description\" content=\"SalaojaVeikko Oy:n tietosuojak\u00e4yt\u00e4nt\u00f6 SalaojaVeikko Oy k\u00e4yt\u00e4nt\u00f6: Osakeyhti\u00f6, SalaojaVeikko Oy, Veikko Karioja. Verkkosivustomme osoite on: https:\/\/www.salaojaveikko.fi. Mit\u00e4 henkil\u00f6tietoa ker\u00e4\u00e4mme ja miksi Kommentit Kun sivuston k\u00e4ytt\u00e4j\u00e4t j\u00e4tt\u00e4v\u00e4t kommentteja sivustolle, ker\u00e4\u00e4mme kommenttilomakkeessa olevat tiedot, sek\u00e4 k\u00e4ytt\u00e4j\u00e4n IP-osoitteen ja selaimen versiotiedot roskaviestien tunnistamisen helpottamiseksi. Kun vierailijat j\u00e4tt\u00e4v\u00e4t kommentin t\u00e4lle sivustolle ker\u00e4\u00e4mme tiedon, joka on n\u00e4kyviss\u00e4 kommentointikentiss\u00e4, IP-osoitteen sek\u00e4 selaimen [&hellip;]\" \/>\n<meta property=\"og:url\" content=\"https:\/\/salaojaveikko.fi\/index.php\/privacy-policy\/\" \/>\n<meta property=\"article:modified_time\" content=\"2021-02-26T08:58:44+00:00\" \/>\n<meta name=\"twitter:card\" content=\"summary_large_image\" \/>\n<meta name=\"twitter:label1\" content=\"Arvioitu lukuaika\" \/>\n\t<meta name=\"twitter:data1\" content=\"3 minuuttia\" \/>\n<script type=\"application\/ld+json\" class=\"yoast-schema-graph\">{\"@context\":\"https:\\\/\\\/schema.org\",\"@graph\":[{\"@type\":\"WebPage\",\"@id\":\"https:\\\/\\\/salaojaveikko.fi\\\/index.php\\\/privacy-policy\\\/\",\"url\":\"https:\\\/\\\/salaojaveikko.fi\\\/index.php\\\/privacy-policy\\\/\",\"name\":\"Tietosuojalauseke -\",\"isPartOf\":{\"@id\":\"https:\\\/\\\/salaojaveikko.fi\\\/#website\"},\"datePublished\":\"2021-02-13T21:03:37+00:00\",\"dateModified\":\"2021-02-26T08:58:44+00:00\",\"breadcrumb\":{\"@id\":\"https:\\\/\\\/salaojaveikko.fi\\\/index.php\\\/privacy-policy\\\/#breadcrumb\"},\"inLanguage\":\"fi\",\"potentialAction\":[{\"@type\":\"ReadAction\",\"target\":[\"https:\\\/\\\/salaojaveikko.fi\\\/index.php\\\/privacy-policy\\\/\"]}]},{\"@type\":\"BreadcrumbList\",\"@id\":\"https:\\\/\\\/salaojaveikko.fi\\\/index.php\\\/privacy-policy\\\/#breadcrumb\",\"itemListElement\":[{\"@type\":\"ListItem\",\"position\":1,\"name\":\"Etusivu\",\"item\":\"https:\\\/\\\/salaojaveikko.fi\\\/\"},{\"@type\":\"ListItem\",\"position\":2,\"name\":\"Tietosuojalauseke\"}]},{\"@type\":\"WebSite\",\"@id\":\"https:\\\/\\\/salaojaveikko.fi\\\/#website\",\"url\":\"https:\\\/\\\/salaojaveikko.fi\\\/\",\"name\":\"\",\"description\":\"\",\"potentialAction\":[{\"@type\":\"SearchAction\",\"target\":{\"@type\":\"EntryPoint\",\"urlTemplate\":\"https:\\\/\\\/salaojaveikko.fi\\\/?s={search_term_string}\"},\"query-input\":{\"@type\":\"PropertyValueSpecification\",\"valueRequired\":true,\"valueName\":\"search_term_string\"}}],\"inLanguage\":\"fi\"}]}<\/script>\n<!-- \/ Yoast SEO plugin. -->","yoast_head_json":{"title":"Tietosuojalauseke -","robots":{"index":"index","follow":"follow","max-snippet":"max-snippet:-1","max-image-preview":"max-image-preview:large","max-video-preview":"max-video-preview:-1"},"canonical":"https:\/\/salaojaveikko.fi\/index.php\/privacy-policy\/","og_locale":"fi_FI","og_type":"article","og_title":"Tietosuojalauseke -","og_description":"SalaojaVeikko Oy:n tietosuojak\u00e4yt\u00e4nt\u00f6 SalaojaVeikko Oy k\u00e4yt\u00e4nt\u00f6: Osakeyhti\u00f6, SalaojaVeikko Oy, Veikko Karioja. Verkkosivustomme osoite on: https:\/\/www.salaojaveikko.fi. Mit\u00e4 henkil\u00f6tietoa ker\u00e4\u00e4mme ja miksi Kommentit Kun sivuston k\u00e4ytt\u00e4j\u00e4t j\u00e4tt\u00e4v\u00e4t kommentteja sivustolle, ker\u00e4\u00e4mme kommenttilomakkeessa olevat tiedot, sek\u00e4 k\u00e4ytt\u00e4j\u00e4n IP-osoitteen ja selaimen versiotiedot roskaviestien tunnistamisen helpottamiseksi. Kun vierailijat j\u00e4tt\u00e4v\u00e4t kommentin t\u00e4lle sivustolle ker\u00e4\u00e4mme tiedon, joka on n\u00e4kyviss\u00e4 kommentointikentiss\u00e4, IP-osoitteen sek\u00e4 selaimen [&hellip;]","og_url":"https:\/\/salaojaveikko.fi\/index.php\/privacy-policy\/","article_modified_time":"2021-02-26T08:58:44+00:00","twitter_card":"summary_large_image","twitter_misc":{"Arvioitu lukuaika":"3 minuuttia"},"schema":{"@context":"https:\/\/schema.org","@graph":[{"@type":"WebPage","@id":"https:\/\/salaojaveikko.fi\/index.php\/privacy-policy\/","url":"https:\/\/salaojaveikko.fi\/index.php\/privacy-policy\/","name":"Tietosuojalauseke -","isPartOf":{"@id":"https:\/\/salaojaveikko.fi\/#website"},"datePublished":"2021-02-13T21:03:37+00:00","dateModified":"2021-02-26T08:58:44+00:00","breadcrumb":{"@id":"https:\/\/salaojaveikko.fi\/index.php\/privacy-policy\/#breadcrumb"},"inLanguage":"fi","potentialAction":[{"@type":"ReadAction","target":["https:\/\/salaojaveikko.fi\/index.php\/privacy-policy\/"]}]},{"@type":"BreadcrumbList","@id":"https:\/\/salaojaveikko.fi\/index.php\/privacy-policy\/#breadcrumb","itemListElement":[{"@type":"ListItem","position":1,"name":"Etusivu","item":"https:\/\/salaojaveikko.fi\/"},{"@type":"ListItem","position":2,"name":"Tietosuojalauseke"}]},{"@type":"WebSite","@id":"https:\/\/salaojaveikko.fi\/#website","url":"https:\/\/salaojaveikko.fi\/","name":"","description":"","potentialAction":[{"@type":"SearchAction","target":{"@type":"EntryPoint","urlTemplate":"https:\/\/salaojaveikko.fi\/?s={search_term_string}"},"query-input":{"@type":"PropertyValueSpecification","valueRequired":true,"valueName":"search_term_string"}}],"inLanguage":"fi"}]}},"_links":{"self":[{"href":"https:\/\/salaojaveikko.fi\/index.php\/wp-json\/wp\/v2\/pages\/3","targetHints":{"allow":["GET"]}}],"collection":[{"href":"https:\/\/salaojaveikko.fi\/index.php\/wp-json\/wp\/v2\/pages"}],"about":[{"href":"https:\/\/salaojaveikko.fi\/index.php\/wp-json\/wp\/v2\/types\/page"}],"author":[{"embeddable":true,"href":"https:\/\/salaojaveikko.fi\/index.php\/wp-json\/wp\/v2\/users\/1"}],"replies":[{"embeddable":true,"href":"https:\/\/salaojaveikko.fi\/index.php\/wp-json\/wp\/v2\/comments?post=3"}],"version-history":[{"count":5,"href":"https:\/\/salaojaveikko.fi\/index.php\/wp-json\/wp\/v2\/pages\/3\/revisions"}],"predecessor-version":[{"id":809,"href":"https:\/\/salaojaveikko.fi\/index.php\/wp-json\/wp\/v2\/pages\/3\/revisions\/809"}],"wp:attachment":[{"href":"https:\/\/salaojaveikko.fi\/index.php\/wp-json\/wp\/v2\/media?parent=3"}],"curies":[{"name":"wp","href":"https:\/\/api.w.org\/{rel}","templated":true}]}}